{"id":959,"date":"2024-02-23T11:07:01","date_gmt":"2024-02-23T10:07:01","guid":{"rendered":"https:\/\/evolutiontransport.eu\/przejazdy-biznesowe-indywidualne\/"},"modified":"2025-03-14T14:11:17","modified_gmt":"2025-03-14T13:11:17","slug":"individuelle-geschaeftsfahrdienste","status":"publish","type":"page","link":"https:\/\/evolutiontransport.eu\/de\/angebot\/individuelle-geschaeftsfahrdienste\/","title":{"rendered":"Individuelle Gesch\u00e4ftsfahrdienste"},"content":{"rendered":"\n<div class=\"wp-block-columns alignfull lr_gradient is-layout-flex wp-container-core-columns-is-layout-4d82f1e5 wp-block-columns-is-layout-flex\" style=\"margin-top:0px;margin-bottom:0px;padding-top:25px;padding-bottom:25px\">\n<div class=\"wp-block-column is-layout-flow wp-block-column-is-layout-flow\">\n<h1 class=\"wp-block-heading has-text-align-center has-background-color has-text-color has-link-color wp-elements-e56797078b62e0d87745c56da573fc4b\">ANGEBOT<\/h1>\n<\/div>\n<\/div>\n\n\n\n<div class=\"wp-block-columns mcont is-layout-flex wp-container-core-columns-is-layout-d0b3c9c8 wp-block-columns-is-layout-flex\">\n<div class=\"wp-block-column is-layout-flow wp-block-column-is-layout-flow\">\n<h2 class=\"wp-block-heading has-text-align-center hline hline_centered\">Individuelle Gesch\u00e4ftsfahrdienste<\/h2>\n\n\n\n<h4 class=\"wp-block-heading has-text-align-center\">BEFEHL:\u00a0<a style=\"color:orange\" href=\"tel:+48506786501\">+48 506 786 501<\/a><\/h4>\n\n\n\n<p>F\u00fcr individuelle Gesch\u00e4ftsreisen mit bis zu drei Personen stellen wir eine luxuri\u00f6se Mercedes E-Klasse zur Verf\u00fcgung. Gruppen von vier bis sieben Passagieren k\u00f6nnen den ger\u00e4umigen Ford Tourneo Custom L2 nutzen. Bei bereits erfolgter Buchung dieser Modelle stehen uns f\u00fcr den professionellen Transport auch weitere komfortable Fahrzeuge zur Verf\u00fcgung.<\/p>\n<\/div>\n<\/div>\n\n\n\n<div class=\"wp-block-columns mcont is-layout-flex wp-container-core-columns-is-layout-d0b3c9c8 wp-block-columns-is-layout-flex\">\n<div class=\"wp-block-column is-layout-flow wp-block-column-is-layout-flow\">\n<figure class=\"wp-block-image size-full border_img\"><img loading=\"lazy\" decoding=\"async\" width=\"640\" height=\"720\" src=\"https:\/\/evolutiontransport.eu\/wp-content\/uploads\/2024\/02\/evolution-przejazdy-biznesowe.jpg\" alt=\"\" class=\"wp-image-220\" srcset=\"https:\/\/evolutiontransport.eu\/wp-content\/uploads\/2024\/02\/evolution-przejazdy-biznesowe.jpg 640w, https:\/\/evolutiontransport.eu\/wp-content\/uploads\/2024\/02\/evolution-przejazdy-biznesowe-267x300.jpg 267w\" sizes=\"auto, (max-width: 640px) 100vw, 640px\" \/><\/figure>\n<\/div>\n\n\n\n<div class=\"wp-block-column is-layout-flow wp-block-column-is-layout-flow\">\n<ul class=\"wp-block-list plus_lista\">\n<li>Unser Service f\u00fcr individuelle Gesch\u00e4ftsfahrten bietet Professionalit\u00e4t und Diskretion, die im gesch\u00e4ftlichen Umfeld unerl\u00e4sslich sind. Unsere Fahrer sind erfahren, elegant gekleidet und halten sich an Vertraulichkeitsstandards. Wir bieten luxuri\u00f6se Fahrzeuge, die h\u00f6chsten Komfort und Bequemlichkeit garantieren. Diese Fahrzeuge sind mit modernen Technologien und Annehmlichkeiten wie WLAN, Unterhaltungssystemen und Klimaanlage ausgestattet.<\/li>\n\n\n\n<li>Wir verstehen die unterschiedlichen Bed\u00fcrfnisse unserer Gesch\u00e4ftskunden und bieten flexible L\u00f6sungen wie individuell angepasste Routen, flexible Fahrzeiten und die M\u00f6glichkeit, ein Fahrzeug auszuw\u00e4hlen. Unsere Priorit\u00e4t ist es, sicherzustellen, dass unsere Kunden p\u00fcnktlich an ihr Ziel gelangen. Durch fortschrittliche Navigationssysteme und sorgf\u00e4ltige Routenplanung minimieren wir das Risiko von Verz\u00f6gerungen.<\/li>\n\n\n\n<li>Unser Service f\u00fcr individuelle Gesch\u00e4ftsfahrten kombiniert Luxus, Komfort, Professionalit\u00e4t und Flexibilit\u00e4t, um den Anforderungen der dynamischen Gesch\u00e4ftswelt gerecht zu werden. Wir bieten nicht nur Transport, sondern ein vollst\u00e4ndiges Reiseerlebnis auf h\u00f6chstem Niveau, das jede Gesch\u00e4ftsreise reibungslos und stressfrei macht.<\/li>\n<\/ul>\n<\/div>\n<\/div>\n\n\n\n<div class=\"wp-block-columns alignfull is-layout-flex wp-container-core-columns-is-layout-d0b3c9c8 wp-block-columns-is-layout-flex\">\n<div class=\"wp-block-column is-layout-flow wp-block-column-is-layout-flow\">\n<div class=\"wp-block-cover\"><span aria-hidden=\"true\" class=\"wp-block-cover__background has-background-dim-0 has-background-dim\"><\/span><img loading=\"lazy\" decoding=\"async\" width=\"1920\" height=\"576\" sizes=\"auto, (max-width: 799px) 200vw, (max-width: 1920px) 100vw, 1920px\" class=\"wp-block-cover__image-background wp-image-21\" alt=\"\" src=\"https:\/\/evolutiontransport.eu\/wp-content\/uploads\/2024\/02\/baner.jpg\" data-object-fit=\"cover\" srcset=\"https:\/\/evolutiontransport.eu\/wp-content\/uploads\/2024\/02\/baner.jpg 1920w, https:\/\/evolutiontransport.eu\/wp-content\/uploads\/2024\/02\/baner-300x90.jpg 300w, https:\/\/evolutiontransport.eu\/wp-content\/uploads\/2024\/02\/baner-1024x307.jpg 1024w, https:\/\/evolutiontransport.eu\/wp-content\/uploads\/2024\/02\/baner-768x230.jpg 768w, https:\/\/evolutiontransport.eu\/wp-content\/uploads\/2024\/02\/baner-1536x461.jpg 1536w\" \/><div class=\"wp-block-cover__inner-container is-layout-constrained wp-block-cover-is-layout-constrained\">\n<div class=\"wp-block-columns mcont is-layout-flex wp-container-core-columns-is-layout-d0b3c9c8 wp-block-columns-is-layout-flex\">\n<div class=\"wp-block-column is-layout-flow wp-block-column-is-layout-flow\" style=\"--col-width:100%;padding-top:30px;padding-right:30px;padding-bottom:30px;padding-left:30px;flex-basis:100%\">\n<h2 class=\"wp-block-heading has-text-align-center has-background-color has-text-color has-link-color wp-elements-ea23e81560f1f83ecfed85e043d569ca\" style=\"text-transform:uppercase\">WIR SIND F\u00dcR SIE DA<\/h2>\n\n\n\n<p class=\"has-text-align-center\">Wir bieten nicht nur Standarddienste wie Flughafentransfers, Hochzeiten und Konferenzen an.<br>Wir fahren Sie dorthin, wo immer Sie m\u00f6chten.<\/p>\n\n\n\n<h2 class=\"wp-block-heading has-text-align-center\" style=\"text-transform:uppercase\">RUFEN SIE UNS AN! <a style=\"color:white\" href=\"tel:+48506786501\">+48 506 786 501<\/a><\/h2>\n<\/div>\n<\/div>\n<\/div><\/div>\n<\/div>\n<\/div>\n\n\n\n<div class=\"wp-block-columns alignfull is-layout-flex wp-container-core-columns-is-layout-31ec6744 wp-block-columns-is-layout-flex\" style=\"margin-top:0px;padding-top:3%;padding-bottom:3%\">\n<div class=\"wp-block-column has-background-background-color has-background is-layout-flow wp-block-column-is-layout-flow\" style=\"padding-bottom:40px\">\n<div class=\"wp-block-columns mcont is-layout-flex wp-container-core-columns-is-layout-80fc138b wp-block-columns-is-layout-flex\" style=\"margin-top:0px\">\n<div class=\"wp-block-column is-layout-flow wp-block-column-is-layout-flow\">\n<h2 class=\"wp-block-heading has-text-align-center\" style=\"margin-top:0px\">Unsere Standards<\/h2>\n<\/div>\n<\/div>\n\n\n\n<div class=\"wp-block-columns mcont is-layout-flex wp-container-core-columns-is-layout-d0b3c9c8 wp-block-columns-is-layout-flex\">\n<div class=\"wp-block-column is-layout-flow wp-block-column-is-layout-flow\">\n<p class=\"has-text-align-left hline \"><strong>Kindersitze<\/strong><\/p>\n\n\n\n<p>Unsere Fahrzeuge sind mit ISOFIX-Halterungen ausgestattet. Auf Wunsch helfen unsere Fahrer beim Anbringen eines Kindersitzes.<\/p>\n<\/div>\n\n\n\n<div class=\"wp-block-column is-layout-flow wp-block-column-is-layout-flow\">\n<p class=\"has-text-align-left hline \"><strong>Kartenzahlung<\/strong><\/p>\n\n\n\n<p>In unseren Fahrzeugen in Polen k\u00f6nnen Sie per Karte bezahlen oder Handy-Guthaben aufladen. F\u00fcr Unternehmen bieten wir bargeldlose Transaktionen an.<\/p>\n<\/div>\n\n\n\n<div class=\"wp-block-column is-layout-flow wp-block-column-is-layout-flow\">\n<p class=\"has-text-align-left hline \"><strong>Transport von Fahrr\u00e4dern und Skiern<\/strong><\/p>\n\n\n\n<p>Fahrzeuge mit Platz f\u00fcr 7 Passagiere + Fahrer sind mit Dachgep\u00e4cktr\u00e4gern ausgestattet, auf denen Fahrr\u00e4der oder Skier f\u00fcr einen aktiven Urlaub in den Bergen transportiert werden k\u00f6nnen.<\/p>\n<\/div>\n\n\n\n<div class=\"wp-block-column is-layout-flow wp-block-column-is-layout-flow\">\n<p class=\"has-text-align-left hline \"><strong>Anh\u00e4ngerkupplung<\/strong><\/p>\n\n\n\n<p>Unsere Busse sind mit Anh\u00e4ngerkupplungen ausgestattet. Auf Anfrage und gegen eine zus\u00e4tzliche Geb\u00fchr k\u00f6nnen wir einen Anh\u00e4nger f\u00fcr sperriges Gep\u00e4ck anbringen.<\/p>\n<\/div>\n<\/div>\n<\/div>\n<\/div>\n","protected":false},"excerpt":{"rendered":"<p>ANGEBOT Individuelle Gesch\u00e4ftsfahrdienste BEFEHL:\u00a0+48 506 786 501 F\u00fcr individuelle Gesch\u00e4ftsreisen mit bis zu drei Personen stellen wir eine luxuri\u00f6se Mercedes E-Klasse zur Verf\u00fcgung. Gruppen von vier bis sieben Passagieren k\u00f6nnen den ger\u00e4umigen Ford Tourneo Custom L2 nutzen. Bei bereits erfolgter Buchung dieser Modelle stehen uns f\u00fcr den professionellen Transport auch weitere komfortable Fahrzeuge zur Verf\u00fcgung.<\/p>\n","protected":false},"author":1,"featured_media":0,"parent":996,"menu_order":0,"comment_status":"closed","ping_status":"closed","template":"","meta":{"inline_featured_image":false,"footnotes":""},"class_list":["post-959","page","type-page","status-publish","hentry"],"_links":{"self":[{"href":"https:\/\/evolutiontransport.eu\/de\/wp-json\/wp\/v2\/pages\/959","targetHints":{"allow":["GET"]}}],"collection":[{"href":"https:\/\/evolutiontransport.eu\/de\/wp-json\/wp\/v2\/pages"}],"about":[{"href":"https:\/\/evolutiontransport.eu\/de\/wp-json\/wp\/v2\/types\/page"}],"author":[{"embeddable":true,"href":"https:\/\/evolutiontransport.eu\/de\/wp-json\/wp\/v2\/users\/1"}],"replies":[{"embeddable":true,"href":"https:\/\/evolutiontransport.eu\/de\/wp-json\/wp\/v2\/comments?post=959"}],"version-history":[{"count":2,"href":"https:\/\/evolutiontransport.eu\/de\/wp-json\/wp\/v2\/pages\/959\/revisions"}],"predecessor-version":[{"id":1042,"href":"https:\/\/evolutiontransport.eu\/de\/wp-json\/wp\/v2\/pages\/959\/revisions\/1042"}],"up":[{"embeddable":true,"href":"https:\/\/evolutiontransport.eu\/de\/wp-json\/wp\/v2\/pages\/996"}],"wp:attachment":[{"href":"https:\/\/evolutiontransport.eu\/de\/wp-json\/wp\/v2\/media?parent=959"}],"curies":[{"name":"wp","href":"https:\/\/api.w.org\/{rel}","templated":true}]}}