{"id":969,"date":"2024-02-14T10:01:25","date_gmt":"2024-02-14T09:01:25","guid":{"rendered":"https:\/\/evolutiontransport.eu\/pojazdy\/"},"modified":"2025-03-16T19:51:07","modified_gmt":"2025-03-16T18:51:07","slug":"fahrzeuge","status":"publish","type":"page","link":"https:\/\/evolutiontransport.eu\/de\/fahrzeuge\/","title":{"rendered":"Fahrzeuge"},"content":{"rendered":"\n<div class=\"wp-block-columns alignfull lr_gradient is-layout-flex wp-container-core-columns-is-layout-4d82f1e5 wp-block-columns-is-layout-flex\" style=\"margin-top:0px;margin-bottom:0px;padding-top:25px;padding-bottom:25px\">\n<div class=\"wp-block-column is-layout-flow wp-block-column-is-layout-flow\">\n<h1 class=\"wp-block-heading has-text-align-center has-background-color has-text-color has-link-color wp-elements-3904b979225bc565a824c609ce845b36\">Fahrzeuge<\/h1>\n<\/div>\n<\/div>\n\n\n\n<div class=\"wp-block-columns mcont is-layout-flex wp-container-core-columns-is-layout-d0b3c9c8 wp-block-columns-is-layout-flex\">\n<div class=\"wp-block-column is-layout-flow wp-block-column-is-layout-flow\">\n<h2 class=\"wp-block-heading has-text-align-center hline hline_centered\">UNSERE FLOTTE<\/h2>\n<\/div>\n<\/div>\n\n\n\n<div class=\"wp-block-columns mcont plus_after is-layout-flex wp-container-core-columns-is-layout-d0b3c9c8 wp-block-columns-is-layout-flex\">\n<div class=\"wp-block-column is-layout-flow wp-block-column-is-layout-flow\">\n<figure class=\"wp-block-image aligncenter size-full\"><img loading=\"lazy\" decoding=\"async\" width=\"558\" height=\"345\" src=\"https:\/\/evolutiontransport.eu\/wp-content\/uploads\/2024\/02\/car03.jpg\" alt=\"\" class=\"wp-image-79\" style=\"object-fit:cover\" srcset=\"https:\/\/evolutiontransport.eu\/wp-content\/uploads\/2024\/02\/car03.jpg 558w, https:\/\/evolutiontransport.eu\/wp-content\/uploads\/2024\/02\/car03-300x185.jpg 300w\" sizes=\"auto, (max-width: 558px) 100vw, 558px\" \/><\/figure>\n\n\n\n<h3 class=\"wp-block-heading\">Mercedes E class<\/h3>\n\n\n\n<p>3 Passagiere + Fahrer<br>Anzahl Gep\u00e4ckst\u00fccke: 2+1<br>W-lan<br>6xUSB<br>Kamera f\u00fcr Videokonferenzen<\/p>\n<\/div>\n\n\n\n<div class=\"wp-block-column is-layout-flow wp-block-column-is-layout-flow\">\n<figure class=\"wp-block-image aligncenter size-full\"><img loading=\"lazy\" decoding=\"async\" width=\"558\" height=\"345\" src=\"https:\/\/evolutiontransport.eu\/wp-content\/uploads\/2024\/02\/car01.jpg\" alt=\"\" class=\"wp-image-81\" style=\"object-fit:cover\" srcset=\"https:\/\/evolutiontransport.eu\/wp-content\/uploads\/2024\/02\/car01.jpg 558w, https:\/\/evolutiontransport.eu\/wp-content\/uploads\/2024\/02\/car01-300x185.jpg 300w\" sizes=\"auto, (max-width: 558px) 100vw, 558px\" \/><\/figure>\n\n\n\n<h3 class=\"wp-block-heading\">Ford Tourneo Custom L2<\/h3>\n\n\n\n<p>7 Passagiere + Fahrer<br>Anzahl Gep\u00e4ckst\u00fccke: 7<br>W-lan<br>230V Steckdose<br>8xUSB<\/p>\n<\/div>\n<\/div>\n\n\n\n<div class=\"wp-block-columns mcont plus_after is-layout-flex wp-container-core-columns-is-layout-d0b3c9c8 wp-block-columns-is-layout-flex\">\n<div class=\"wp-block-column is-layout-flow wp-block-column-is-layout-flow\">\n<figure class=\"wp-block-image aligncenter size-full\"><img loading=\"lazy\" decoding=\"async\" width=\"560\" height=\"345\" src=\"https:\/\/evolutiontransport.eu\/wp-content\/uploads\/2024\/02\/Evolution-ford-galaxy.jpg\" alt=\"\" class=\"wp-image-216\" style=\"object-fit:cover\" srcset=\"https:\/\/evolutiontransport.eu\/wp-content\/uploads\/2024\/02\/Evolution-ford-galaxy.jpg 560w, https:\/\/evolutiontransport.eu\/wp-content\/uploads\/2024\/02\/Evolution-ford-galaxy-300x185.jpg 300w\" sizes=\"auto, (max-width: 560px) 100vw, 560px\" \/><\/figure>\n\n\n\n<h3 class=\"wp-block-heading\">Ford Galaxy<\/h3>\n\n\n\n<p>6 Passagiere + Fahrer<br>Anzahl Gep\u00e4ckst\u00fccke: 6<br>W-lan<br>3xUSB<\/p>\n<\/div>\n\n\n\n<div class=\"wp-block-column is-layout-flow wp-block-column-is-layout-flow\">\n<figure class=\"wp-block-image aligncenter size-full\"><img loading=\"lazy\" decoding=\"async\" width=\"558\" height=\"345\" src=\"https:\/\/evolutiontransport.eu\/wp-content\/uploads\/2024\/02\/car04.jpg\" alt=\"\" class=\"wp-image-78\" style=\"object-fit:cover\" srcset=\"https:\/\/evolutiontransport.eu\/wp-content\/uploads\/2024\/02\/car04.jpg 558w, https:\/\/evolutiontransport.eu\/wp-content\/uploads\/2024\/02\/car04-300x185.jpg 300w\" sizes=\"auto, (max-width: 558px) 100vw, 558px\" \/><\/figure>\n\n\n\n<h3 class=\"wp-block-heading\">Ford S-Max<\/h3>\n\n\n\n<p>3 Passagiere + Fahrer<br>Anzahl Gep\u00e4ckst\u00fccke: 3<br>W-lan<br>3xUSB<\/p>\n<\/div>\n<\/div>\n\n\n\n<div class=\"wp-block-columns mcont is-layout-flex wp-container-core-columns-is-layout-d0b3c9c8 wp-block-columns-is-layout-flex\">\n<div class=\"wp-block-column is-layout-flow wp-block-column-is-layout-flow\">\n<figure class=\"wp-block-image aligncenter size-full\"><img loading=\"lazy\" decoding=\"async\" width=\"560\" height=\"345\" src=\"https:\/\/evolutiontransport.eu\/wp-content\/uploads\/2024\/02\/Evolution-transit.jpg\" alt=\"\" class=\"wp-image-218\" style=\"object-fit:cover\" srcset=\"https:\/\/evolutiontransport.eu\/wp-content\/uploads\/2024\/02\/Evolution-transit.jpg 560w, https:\/\/evolutiontransport.eu\/wp-content\/uploads\/2024\/02\/Evolution-transit-300x185.jpg 300w\" sizes=\"auto, (max-width: 560px) 100vw, 560px\" \/><\/figure>\n\n\n\n<h3 class=\"wp-block-heading\">Ford Transit L3<\/h3>\n\n\n\n<p>8 Passagiere + Fahrer<br>Anzahl Gep\u00e4ckst\u00fccke: 14<br>W-lan<br>gro\u00dfer Gep\u00e4ckraum<br>2xUSB<\/p>\n<\/div>\n\n\n\n<div class=\"wp-block-column is-layout-flow wp-block-column-is-layout-flow\">\n<figure class=\"wp-block-image aligncenter size-full\"><img loading=\"lazy\" decoding=\"async\" width=\"560\" height=\"345\" src=\"https:\/\/evolutiontransport.eu\/wp-content\/uploads\/2024\/02\/Evolution-ford-puma2.jpg\" alt=\"\" class=\"wp-image-215\" style=\"object-fit:cover\" srcset=\"https:\/\/evolutiontransport.eu\/wp-content\/uploads\/2024\/02\/Evolution-ford-puma2.jpg 560w, https:\/\/evolutiontransport.eu\/wp-content\/uploads\/2024\/02\/Evolution-ford-puma2-300x185.jpg 300w\" sizes=\"auto, (max-width: 560px) 100vw, 560px\" \/><\/figure>\n\n\n\n<h3 class=\"wp-block-heading\">Ford Puma<\/h3>\n\n\n\n<p>1 Passagier + Fahrer<br>Anzahl Gep\u00e4ckst\u00fccke: 2<br>W-lan<br>230V Steckdose<br>4xUSB<\/p>\n<\/div>\n<\/div>\n\n\n\n<div class=\"wp-block-columns alignfull is-layout-flex wp-container-core-columns-is-layout-d0b3c9c8 wp-block-columns-is-layout-flex\">\n<div class=\"wp-block-column is-layout-flow wp-block-column-is-layout-flow\">\n<div class=\"wp-block-cover\"><span aria-hidden=\"true\" class=\"wp-block-cover__background has-background-dim-0 has-background-dim\"><\/span><img loading=\"lazy\" decoding=\"async\" width=\"1920\" height=\"576\" sizes=\"auto, (max-width: 799px) 200vw, (max-width: 1920px) 100vw, 1920px\" class=\"wp-block-cover__image-background wp-image-21\" alt=\"\" src=\"https:\/\/evolutiontransport.eu\/wp-content\/uploads\/2024\/02\/baner.jpg\" data-object-fit=\"cover\" srcset=\"https:\/\/evolutiontransport.eu\/wp-content\/uploads\/2024\/02\/baner.jpg 1920w, https:\/\/evolutiontransport.eu\/wp-content\/uploads\/2024\/02\/baner-300x90.jpg 300w, https:\/\/evolutiontransport.eu\/wp-content\/uploads\/2024\/02\/baner-1024x307.jpg 1024w, https:\/\/evolutiontransport.eu\/wp-content\/uploads\/2024\/02\/baner-768x230.jpg 768w, https:\/\/evolutiontransport.eu\/wp-content\/uploads\/2024\/02\/baner-1536x461.jpg 1536w\" \/><div class=\"wp-block-cover__inner-container is-layout-constrained wp-block-cover-is-layout-constrained\">\n<div class=\"wp-block-columns mcont is-layout-flex wp-container-core-columns-is-layout-d0b3c9c8 wp-block-columns-is-layout-flex\">\n<div class=\"wp-block-column is-layout-flow wp-block-column-is-layout-flow\" style=\"--col-width:100%;padding-top:30px;padding-right:30px;padding-bottom:30px;padding-left:30px;flex-basis:100%\">\n<h2 class=\"wp-block-heading has-text-align-center has-background-color has-text-color has-link-color wp-elements-ea23e81560f1f83ecfed85e043d569ca\" style=\"text-transform:uppercase\">WIR SIND F\u00dcR SIE DA<\/h2>\n\n\n\n<p class=\"has-text-align-center\">Wir bieten nicht nur Standarddienste wie Flughafentransfers, Hochzeiten und Konferenzen an.<br>Wir fahren Sie dorthin, wo immer Sie m\u00f6chten.<\/p>\n\n\n\n<h2 class=\"wp-block-heading has-text-align-center\" style=\"text-transform:uppercase\">RUFEN SIE UNS AN! <a style=\"color:white\" href=\"tel:+48506786501\">+48 506 786 501<\/a><\/h2>\n<\/div>\n<\/div>\n<\/div><\/div>\n<\/div>\n<\/div>\n\n\n\n<div class=\"wp-block-columns alignfull is-layout-flex wp-container-core-columns-is-layout-31ec6744 wp-block-columns-is-layout-flex\" style=\"margin-top:0px;padding-top:3%;padding-bottom:3%\">\n<div class=\"wp-block-column has-background-background-color has-background is-layout-flow wp-block-column-is-layout-flow\" style=\"padding-bottom:40px\">\n<div class=\"wp-block-columns mcont is-layout-flex wp-container-core-columns-is-layout-80fc138b wp-block-columns-is-layout-flex\" style=\"margin-top:0px\">\n<div class=\"wp-block-column is-layout-flow wp-block-column-is-layout-flow\">\n<h2 class=\"wp-block-heading has-text-align-center\" style=\"margin-top:0px\">Unsere Standards<\/h2>\n<\/div>\n<\/div>\n\n\n\n<div class=\"wp-block-columns mcont is-layout-flex wp-container-core-columns-is-layout-d0b3c9c8 wp-block-columns-is-layout-flex\">\n<div class=\"wp-block-column is-layout-flow wp-block-column-is-layout-flow\">\n<p class=\"has-text-align-left hline \"><strong>Kindersitze<\/strong><\/p>\n\n\n\n<p>Unsere Fahrzeuge sind mit ISOFIX-Halterungen ausgestattet. Auf Wunsch helfen unsere Fahrer beim Anbringen eines Kindersitzes.<\/p>\n<\/div>\n\n\n\n<div class=\"wp-block-column is-layout-flow wp-block-column-is-layout-flow\">\n<p class=\"has-text-align-left hline \"><strong>Kartenzahlung<\/strong><\/p>\n\n\n\n<p>In unseren Fahrzeugen in Polen k\u00f6nnen Sie per Karte bezahlen oder Handy-Guthaben aufladen. F\u00fcr Unternehmen bieten wir bargeldlose Transaktionen an.<\/p>\n<\/div>\n\n\n\n<div class=\"wp-block-column is-layout-flow wp-block-column-is-layout-flow\">\n<p class=\"has-text-align-left hline \"><strong>Transport von Fahrr\u00e4dern und Skiern<\/strong><\/p>\n\n\n\n<p>Fahrzeuge mit Platz f\u00fcr 7 Passagiere + Fahrer sind mit Dachgep\u00e4cktr\u00e4gern ausgestattet, auf denen Fahrr\u00e4der oder Skier f\u00fcr einen aktiven Urlaub in den Bergen transportiert werden k\u00f6nnen.<\/p>\n<\/div>\n\n\n\n<div class=\"wp-block-column is-layout-flow wp-block-column-is-layout-flow\">\n<p class=\"has-text-align-left hline \"><strong>Anh\u00e4ngerkupplung<\/strong><\/p>\n\n\n\n<p>Unsere Busse sind mit Anh\u00e4ngerkupplungen ausgestattet. Auf Anfrage und gegen eine zus\u00e4tzliche Geb\u00fchr k\u00f6nnen wir einen Anh\u00e4nger f\u00fcr sperriges Gep\u00e4ck anbringen.<\/p>\n<\/div>\n<\/div>\n<\/div>\n<\/div>\n","protected":false},"excerpt":{"rendered":"<p>Fahrzeuge UNSERE FLOTTE Mercedes E class 3 Passagiere + FahrerAnzahl Gep\u00e4ckst\u00fccke: 2+1W-lan6xUSBKamera f\u00fcr Videokonferenzen Ford Tourneo Custom L2 7 Passagiere + FahrerAnzahl Gep\u00e4ckst\u00fccke: 7W-lan230V Steckdose8xUSB Ford Galaxy 6 Passagiere + FahrerAnzahl Gep\u00e4ckst\u00fccke: 6W-lan3xUSB Ford S-Max 3 Passagiere + FahrerAnzahl Gep\u00e4ckst\u00fccke: 3W-lan3xUSB Ford Transit L3 8 Passagiere + FahrerAnzahl Gep\u00e4ckst\u00fccke: 14W-langro\u00dfer Gep\u00e4ckraum2xUSB Ford Puma 1 Passagier [&hellip;]<\/p>\n","protected":false},"author":1,"featured_media":0,"parent":0,"menu_order":0,"comment_status":"closed","ping_status":"closed","template":"","meta":{"inline_featured_image":false,"footnotes":""},"class_list":["post-969","page","type-page","status-publish","hentry"],"_links":{"self":[{"href":"https:\/\/evolutiontransport.eu\/de\/wp-json\/wp\/v2\/pages\/969","targetHints":{"allow":["GET"]}}],"collection":[{"href":"https:\/\/evolutiontransport.eu\/de\/wp-json\/wp\/v2\/pages"}],"about":[{"href":"https:\/\/evolutiontransport.eu\/de\/wp-json\/wp\/v2\/types\/page"}],"author":[{"embeddable":true,"href":"https:\/\/evolutiontransport.eu\/de\/wp-json\/wp\/v2\/users\/1"}],"replies":[{"embeddable":true,"href":"https:\/\/evolutiontransport.eu\/de\/wp-json\/wp\/v2\/comments?post=969"}],"version-history":[{"count":2,"href":"https:\/\/evolutiontransport.eu\/de\/wp-json\/wp\/v2\/pages\/969\/revisions"}],"predecessor-version":[{"id":1079,"href":"https:\/\/evolutiontransport.eu\/de\/wp-json\/wp\/v2\/pages\/969\/revisions\/1079"}],"wp:attachment":[{"href":"https:\/\/evolutiontransport.eu\/de\/wp-json\/wp\/v2\/media?parent=969"}],"curies":[{"name":"wp","href":"https:\/\/api.w.org\/{rel}","templated":true}]}}