{"id":779,"date":"2024-03-01T13:11:11","date_gmt":"2024-03-01T12:11:11","guid":{"rendered":"https:\/\/evolutiontransport.eu\/?page_id=779"},"modified":"2024-12-23T13:02:49","modified_gmt":"2024-12-23T12:02:49","slug":"about-us","status":"publish","type":"page","link":"https:\/\/evolutiontransport.eu\/en\/about-us\/","title":{"rendered":"About us"},"content":{"rendered":"\n<div class=\"wp-block-columns alignfull lr_gradient is-layout-flex wp-container-core-columns-is-layout-4d82f1e5 wp-block-columns-is-layout-flex\" style=\"margin-top:0px;margin-bottom:0px;padding-top:25px;padding-bottom:25px\">\n<div class=\"wp-block-column is-layout-flow wp-block-column-is-layout-flow\">\n<h1 class=\"wp-block-heading has-text-align-center has-background-color has-text-color has-link-color wp-elements-bf2104c173fee0163c92483a718b2566\">EVOLUTION TRANSPORT<\/h1>\n<\/div>\n<\/div>\n\n\n\n<div class=\"wp-block-columns mcont is-layout-flex wp-container-core-columns-is-layout-d0b3c9c8 wp-block-columns-is-layout-flex\">\n<div class=\"wp-block-column is-layout-flow wp-block-column-is-layout-flow\">\n<h2 class=\"wp-block-heading has-text-align-center hline hline_centered\">About us<\/h2>\n<\/div>\n<\/div>\n\n\n\n<div class=\"wp-block-columns mcont is-layout-flex wp-container-core-columns-is-layout-d0b3c9c8 wp-block-columns-is-layout-flex\">\n<div class=\"wp-block-column is-layout-flow wp-block-column-is-layout-flow\">\n<figure class=\"wp-block-image size-full border_img\"><img loading=\"lazy\" decoding=\"async\" width=\"555\" height=\"400\" src=\"https:\/\/evolutiontransport.eu\/wp-content\/uploads\/2024\/03\/slider1.jpg\" alt=\"\" class=\"wp-image-287\" srcset=\"https:\/\/evolutiontransport.eu\/wp-content\/uploads\/2024\/03\/slider1.jpg 555w, https:\/\/evolutiontransport.eu\/wp-content\/uploads\/2024\/03\/slider1-300x216.jpg 300w\" sizes=\"auto, (max-width: 555px) 100vw, 555px\" \/><figcaption class=\"wp-element-caption\">Posiadamy wszystkie potrzebne licencje do przewozu os\u00f3b na terenie Unii Europejskiej. Wszystkie dokumenty dost\u0119pne s\u0105 na \u017cyczenie. <\/figcaption><\/figure>\n<\/div>\n\n\n\n<div class=\"wp-block-column is-layout-flow wp-block-column-is-layout-flow\">\n<ul class=\"wp-block-list plus_lista\">\n<li>Evolution Transport &#8211; oddzia\u0142 firmy&nbsp;<a href=\"http:\/\/evolutiongroup.pl\/\">Evolution Group<\/a>&nbsp;ze Szczecina, zajmuj\u0105cy si\u0119 przewozem pasa\u017cer\u00f3w na terenie Unii Europejskiej. Oferta skierowana jest do os\u00f3b chc\u0105cych dosta\u0107 si\u0119 w wyznaczone miejsce bezpiecznie i w komfortowych warunkach. Obs\u0142ugujemy przejazdy na terenie Polski oraz Europy, Dowozimy pasa\u017cer\u00f3w na lotniska, targi, imprezy sportowe. Nasza oferta skierowana jest r\u00f3wnie\u017c dla Agencji Morskiech kt\u00f3re wysy\u0142aj\u0105 marynarzy poza granice Polski. <\/li>\n\n\n\n<li>Nasi kierowcy posiadaj\u0105 wieloletnie do\u015bwiadczenie w prowadzeniu pojazd\u00f3w. Samochody wyposa\u017cone s\u0105 w systemy bezpiecze\u0144stwa takie jak: aktywne tempomaty, systemy kontroli pasa ruchu, systemy ostrzegawcze o pojazdach w znajduj\u0105cych si\u0119 w martwym polu.<\/li>\n<\/ul>\n<\/div>\n<\/div>\n\n\n\n<div class=\"wp-block-columns alignfull is-layout-flex wp-container-core-columns-is-layout-d0b3c9c8 wp-block-columns-is-layout-flex\">\n<div class=\"wp-block-column is-layout-flow wp-block-column-is-layout-flow\">\n<div class=\"wp-block-cover\"><span aria-hidden=\"true\" class=\"wp-block-cover__background has-background-dim-0 has-background-dim\"><\/span><img loading=\"lazy\" decoding=\"async\" width=\"1920\" height=\"576\" sizes=\"auto, (max-width: 799px) 200vw, (max-width: 1920px) 100vw, 1920px\" class=\"wp-block-cover__image-background wp-image-21\" alt=\"\" src=\"https:\/\/evolutiontransport.eu\/wp-content\/uploads\/2024\/02\/baner.jpg\" data-object-fit=\"cover\" srcset=\"https:\/\/evolutiontransport.eu\/wp-content\/uploads\/2024\/02\/baner.jpg 1920w, https:\/\/evolutiontransport.eu\/wp-content\/uploads\/2024\/02\/baner-300x90.jpg 300w, https:\/\/evolutiontransport.eu\/wp-content\/uploads\/2024\/02\/baner-1024x307.jpg 1024w, https:\/\/evolutiontransport.eu\/wp-content\/uploads\/2024\/02\/baner-768x230.jpg 768w, https:\/\/evolutiontransport.eu\/wp-content\/uploads\/2024\/02\/baner-1536x461.jpg 1536w\" \/><div class=\"wp-block-cover__inner-container is-layout-constrained wp-block-cover-is-layout-constrained\">\n<div class=\"wp-block-columns mcont is-layout-flex wp-container-core-columns-is-layout-d0b3c9c8 wp-block-columns-is-layout-flex\">\n<div class=\"wp-block-column is-layout-flow wp-block-column-is-layout-flow\" style=\"--col-width:100%;padding-top:30px;padding-right:30px;padding-bottom:30px;padding-left:30px;flex-basis:100%\">\n<h2 class=\"wp-block-heading has-text-align-center has-background-color has-text-color has-link-color wp-elements-e8d6f9d0e6bf75cd16a119f5456c64c2\" style=\"text-transform:uppercase\">WE ARE AT YOUR SERVICE<\/h2>\n\n\n\n<p class=\"has-text-align-center\">We offer not only standard transportation services to airports, weddings, and conferences.<br>We can take you wherever you wish.<\/p>\n\n\n\n<h2 class=\"wp-block-heading has-text-align-center\" style=\"text-transform:uppercase\">CALL US! <a style=\"color:white\" href=\"tel:+48506786501\">+48 506 786 501<\/a><\/h2>\n<\/div>\n<\/div>\n<\/div><\/div>\n<\/div>\n<\/div>\n\n\n\n<div class=\"wp-block-columns alignfull is-layout-flex wp-container-core-columns-is-layout-31ec6744 wp-block-columns-is-layout-flex\" style=\"margin-top:0px;padding-top:3%;padding-bottom:3%\">\n<div class=\"wp-block-column has-background-background-color has-background is-layout-flow wp-block-column-is-layout-flow\" style=\"padding-bottom:40px\">\n<div class=\"wp-block-columns mcont is-layout-flex wp-container-core-columns-is-layout-80fc138b wp-block-columns-is-layout-flex\" style=\"margin-top:0px\">\n<div class=\"wp-block-column is-layout-flow wp-block-column-is-layout-flow\">\n<h2 class=\"wp-block-heading has-text-align-center\" style=\"margin-top:0px\">Our Standards<\/h2>\n<\/div>\n<\/div>\n\n\n\n<div class=\"wp-block-columns mcont is-layout-flex wp-container-core-columns-is-layout-d0b3c9c8 wp-block-columns-is-layout-flex\">\n<div class=\"wp-block-column is-layout-flow wp-block-column-is-layout-flow\">\n<p class=\"has-text-align-left hline \"><strong>Child Seats<\/strong><\/p>\n\n\n\n<p>Our cars are equipped with ISOFIX mounts. Upon request, our drivers will assist in securing a child seat.<\/p>\n<\/div>\n\n\n\n<div class=\"wp-block-column is-layout-flow wp-block-column-is-layout-flow\">\n<p class=\"has-text-align-left hline \"><strong>Card Payments<\/strong><\/p>\n\n\n\n<p>In our vehicles across Poland, card payments are available, as well as mobile phone top-up services. For businesses, we offer cashless transactions.<\/p>\n<\/div>\n\n\n\n<div class=\"wp-block-column is-layout-flow wp-block-column-is-layout-flow\">\n<p class=\"has-text-align-left hline \"><strong>Transport of Bicycles and Skis<\/strong><\/p>\n\n\n\n<p>Vehicles accommodating 7 passengers + driver are equipped with roof racks for transporting bicycles or skis, perfect for an active getaway to the mountains.<\/p>\n<\/div>\n\n\n\n<div class=\"wp-block-column is-layout-flow wp-block-column-is-layout-flow\">\n<p class=\"has-text-align-left hline \"><strong>Tow Hitch<\/strong><\/p>\n\n\n\n<p>Our buses are equipped with tow hitches. Upon request and for an additional fee, we can attach a trailer for oversized luggage.<\/p>\n<\/div>\n<\/div>\n<\/div>\n<\/div>\n","protected":false},"excerpt":{"rendered":"<p>EVOLUTION TRANSPORT About us<\/p>\n","protected":false},"author":2,"featured_media":0,"parent":0,"menu_order":0,"comment_status":"closed","ping_status":"closed","template":"","meta":{"inline_featured_image":false,"footnotes":""},"class_list":["post-779","page","type-page","status-publish","hentry"],"_links":{"self":[{"href":"https:\/\/evolutiontransport.eu\/en\/wp-json\/wp\/v2\/pages\/779","targetHints":{"allow":["GET"]}}],"collection":[{"href":"https:\/\/evolutiontransport.eu\/en\/wp-json\/wp\/v2\/pages"}],"about":[{"href":"https:\/\/evolutiontransport.eu\/en\/wp-json\/wp\/v2\/types\/page"}],"author":[{"embeddable":true,"href":"https:\/\/evolutiontransport.eu\/en\/wp-json\/wp\/v2\/users\/2"}],"replies":[{"embeddable":true,"href":"https:\/\/evolutiontransport.eu\/en\/wp-json\/wp\/v2\/comments?post=779"}],"version-history":[{"count":1,"href":"https:\/\/evolutiontransport.eu\/en\/wp-json\/wp\/v2\/pages\/779\/revisions"}],"predecessor-version":[{"id":780,"href":"https:\/\/evolutiontransport.eu\/en\/wp-json\/wp\/v2\/pages\/779\/revisions\/780"}],"wp:attachment":[{"href":"https:\/\/evolutiontransport.eu\/en\/wp-json\/wp\/v2\/media?parent=779"}],"curies":[{"name":"wp","href":"https:\/\/api.w.org\/{rel}","templated":true}]}}